{"id":645,"date":"2021-10-28T13:05:48","date_gmt":"2021-10-28T11:05:48","guid":{"rendered":"http:\/\/clustermoknine.creativetunisia.tn\/?page_id=645"},"modified":"2021-10-29T12:04:13","modified_gmt":"2021-10-29T10:04:13","slug":"structures-de-formation","status":"publish","type":"page","link":"https:\/\/clustermoknine.creativetunisia.tn\/index.php\/structures-de-formation\/","title":{"rendered":"Structures De Formation"},"content":{"rendered":"\t\t<div data-elementor-type=\"wp-page\" data-elementor-id=\"645\" class=\"elementor elementor-645\" data-elementor-settings=\"[]\">\n\t\t\t\t\t\t<div class=\"elementor-inner\">\n\t\t\t\t\t\t\t<div class=\"elementor-section-wrap\">\n\t\t\t\t\t\t\t<section class=\"elementor-section elementor-top-section elementor-element elementor-element-25aa1139 elementor-section-boxed elementor-section-height-default elementor-section-height-default\" data-id=\"25aa1139\" data-element_type=\"section\">\n\t\t\t\t\t\t<div class=\"elementor-container elementor-column-gap-default\">\n\t\t\t\t\t\t\t<div class=\"elementor-row\">\n\t\t\t\t\t<div class=\"aux-parallax-section elementor-column elementor-col-100 elementor-top-column elementor-element elementor-element-441d59ee\" data-id=\"441d59ee\" data-element_type=\"column\">\n\t\t\t<div class=\"elementor-column-wrap elementor-element-populated\">\n\t\t\t\t\t\t\t<div class=\"elementor-widget-wrap\">\n\t\t\t\t\t\t<div class=\"elementor-element elementor-element-1a6e8591 aux-appear-watch-animation aux-fade-in-up-1 elementor-widget elementor-widget-aux_modern_heading\" data-id=\"1a6e8591\" data-element_type=\"widget\" data-widget_type=\"aux_modern_heading.default\">\n\t\t\t\t<div class=\"elementor-widget-container\">\n\t\t\t<section class=\"aux-widget-modern-heading\">\n            <div class=\"aux-widget-inner\"><h2 class=\"aux-modern-heading-primary\"><\/h2><h3 class=\"aux-modern-heading-secondary\"><span class=\"aux-head-before\">STRUCTURES DE FORMATION<\/span><\/h3><\/div>\n        <\/section>\t\t<\/div>\n\t\t\t\t<\/div>\n\t\t\t\t\t\t<\/div>\n\t\t\t\t\t<\/div>\n\t\t<\/div>\n\t\t\t\t\t\t\t\t<\/div>\n\t\t\t\t\t<\/div>\n\t\t<\/section>\n\t\t\t\t<section class=\"elementor-section elementor-top-section elementor-element elementor-element-670dc31d elementor-section-boxed elementor-section-height-default elementor-section-height-default\" data-id=\"670dc31d\" data-element_type=\"section\">\n\t\t\t\t\t\t<div class=\"elementor-container elementor-column-gap-default\">\n\t\t\t\t\t\t\t<div class=\"elementor-row\">\n\t\t\t\t\t<div class=\"aux-parallax-section elementor-column elementor-col-50 elementor-top-column elementor-element elementor-element-c97cb20\" data-id=\"c97cb20\" data-element_type=\"column\" data-settings=\"{&quot;background_background&quot;:&quot;classic&quot;}\">\n\t\t\t<div class=\"elementor-column-wrap elementor-element-populated\">\n\t\t\t\t\t\t\t<div class=\"elementor-widget-wrap\">\n\t\t\t\t\t\t<div class=\"elementor-element elementor-element-6f4104f0 elementor-widget elementor-widget-aux_image\" data-id=\"6f4104f0\" data-element_type=\"widget\" data-widget_type=\"aux_image.default\">\n\t\t\t\t<div class=\"elementor-widget-container\">\n\t\t\t<section class=\"widget-container aux-widget-image aux-alignnone aux-parent-aufbc64f59\" style=\"\" >\n    <div class=\"aux-media-hint-frame \">\n        <div class=\"aux-media-image \" >\n        \n            \n\n            \n            <img loading=\"lazy\" width=\"392\" height=\"128\" src=\"https:\/\/clustermoknine.creativetunisia.tn\/wp-content\/uploads\/2021\/10\/institut-superieur.png\" class=\"aux-attachment aux-featured-image aux-attachment-id-816\" alt=\"institut superieur\" data-ratio=\"3.06\" data-original-w=\"392\" \/>            \n                <\/div>\n    <\/div>\n\n<\/section><!-- widget-container -->\t\t<\/div>\n\t\t\t\t<\/div>\n\t\t\t\t<div class=\"elementor-element elementor-element-3236c622 elementor-widget elementor-widget-aux_modern_heading\" data-id=\"3236c622\" data-element_type=\"widget\" data-widget_type=\"aux_modern_heading.default\">\n\t\t\t\t<div class=\"elementor-widget-container\">\n\t\t\t<section class=\"aux-widget-modern-heading\">\n            <div class=\"aux-widget-inner\"><h2 class=\"aux-modern-heading-primary\">Institut Sup\u00e9rieur des Beaux-Arts de Sousse (ISBAS)<\/h2><div class=\"aux-modern-heading-divider\"><\/div><\/div>\n        <\/section>\t\t<\/div>\n\t\t\t\t<\/div>\n\t\t\t\t<div class=\"elementor-element elementor-element-5488c04b elementor-widget elementor-widget-text-editor\" data-id=\"5488c04b\" data-element_type=\"widget\" data-widget_type=\"text-editor.default\">\n\t\t\t\t<div class=\"elementor-widget-container\">\n\t\t\t\t\t\t\t\t<div class=\"elementor-text-editor elementor-clearfix\">\n\t\t\t\t<p>L\u2019ISBAS a pour mission la formation artistique, scientifique et technique de concepteurs-cr\u00e9ateurs aptes \u00e0 concevoir des r\u00e9alisations et des recherches dans plusieurs domaines des arts et du design. La priorit\u00e9 de l\u2019ISBAS est l\u2019adaptation des formations aux r\u00e9els besoins du march\u00e9 de l\u2019emploi ce qui l\u2019a amen\u00e9 \u00e0 suivre une nouvelle strat\u00e9gie qui se fixe comme objectif la satisfaction des besoins du milieu professionnel et la professionnalisation des dipl\u00f4m\u00e9s. L\u2019ISBAS offre plusieurs secteurs de sp\u00e9cialisation en arts visuels, soit en arts plastiques soit en design.<\/p><p>Parall\u00e8lement, l\u2019ISBAS est un lieu de cr\u00e9ation et d\u2019innovation o\u00f9 s\u2019\u00e9laborent de nouveaux savoir-faire. Ouvert sur le monde de l\u2019artisanat et de l\u2019industrie, l\u2019institut d\u00e9veloppe des \u00e9changes avec des artisans formateurs et des industriels qui viennent ponctuellement dispenser leur savoir-faire et l\u2019\u00e9changer avec nos \u00e9tudiants.<\/p>\t\t\t\t\t<\/div>\n\t\t\t\t\t\t<\/div>\n\t\t\t\t<\/div>\n\t\t\t\t<div class=\"elementor-element elementor-element-2b706a2b aux-appear-watch-animation aux-fade-in-up-1 elementor-widget elementor-widget-aux_button\" data-id=\"2b706a2b\" data-element_type=\"widget\" data-widget_type=\"aux_button.default\">\n\t\t\t\t<div class=\"elementor-widget-container\">\n\t\t\t<a  href=\"http:\/\/www.isbas.rnu.tn\/index.php\" target=\"_self\"   class=\"aux-button aux-medium aux-pastel-orange aux-curve aux-none aux-uppercase\" ><span class=\"aux-overlay\"><\/span><span class=\"aux-text\">VISITER LE SITE WEB<\/span><\/a>\t\t<\/div>\n\t\t\t\t<\/div>\n\t\t\t\t\t\t<\/div>\n\t\t\t\t\t<\/div>\n\t\t<\/div>\n\t\t\t\t<div class=\"aux-parallax-section elementor-column elementor-col-50 elementor-top-column elementor-element elementor-element-2ff125b0\" data-id=\"2ff125b0\" data-element_type=\"column\" data-settings=\"{&quot;background_background&quot;:&quot;classic&quot;}\">\n\t\t\t<div class=\"elementor-column-wrap elementor-element-populated\">\n\t\t\t\t\t\t\t<div class=\"elementor-widget-wrap\">\n\t\t\t\t\t\t<div class=\"elementor-element elementor-element-2f5e13e6 elementor-widget elementor-widget-aux_image\" data-id=\"2f5e13e6\" data-element_type=\"widget\" data-widget_type=\"aux_image.default\">\n\t\t\t\t<div class=\"elementor-widget-container\">\n\t\t\t<section class=\"widget-container aux-widget-image aux-alignnone aux-parent-auf0f8290b\" style=\"\" >\n    <div class=\"aux-media-hint-frame \">\n        <div class=\"aux-media-image \" >\n        \n            \n\n            \n            <img loading=\"lazy\" width=\"240\" height=\"189\" src=\"https:\/\/clustermoknine.creativetunisia.tn\/wp-content\/uploads\/2021\/10\/Isamm.png\" class=\"aux-attachment aux-featured-image aux-attachment-id-817\" alt=\"Isamm\" srcset=\"https:\/\/clustermoknine.creativetunisia.tn\/wp-content\/uploads\/2021\/10\/Isamm-150x131.png 150w,https:\/\/clustermoknine.creativetunisia.tn\/wp-content\/uploads\/2021\/10\/Isamm.png 240w\" data-ratio=\"1.14\" data-original-w=\"267\" sizes=\"(max-width:479px) 480px,(max-width:767px) 768px,(max-width:1023px) 1024px,240px\" \/>            \n                <\/div>\n    <\/div>\n\n<\/section><!-- widget-container -->\t\t<\/div>\n\t\t\t\t<\/div>\n\t\t\t\t<div class=\"elementor-element elementor-element-1c9bf263 elementor-widget elementor-widget-aux_modern_heading\" data-id=\"1c9bf263\" data-element_type=\"widget\" data-widget_type=\"aux_modern_heading.default\">\n\t\t\t\t<div class=\"elementor-widget-container\">\n\t\t\t<section class=\"aux-widget-modern-heading\">\n            <div class=\"aux-widget-inner\"><h2 class=\"aux-modern-heading-primary\">Institut Sup\u00e9rieur des Arts et m\u00e9tiers de Mahdia (ISAMM)<\/h2><div class=\"aux-modern-heading-divider\"><\/div><\/div>\n        <\/section>\t\t<\/div>\n\t\t\t\t<\/div>\n\t\t\t\t<div class=\"elementor-element elementor-element-51804ede elementor-widget elementor-widget-text-editor\" data-id=\"51804ede\" data-element_type=\"widget\" data-widget_type=\"text-editor.default\">\n\t\t\t\t<div class=\"elementor-widget-container\">\n\t\t\t\t\t\t\t\t<div class=\"elementor-text-editor elementor-clearfix\">\n\t\t\t\t<p>L\u2019Institut Sup\u00e9rieur des Arts et M\u00e9tiers de Mahdia (ISAMM, cr\u00e9e par le d\u00e9cret n\u00b0 1971 du 14 juillet 2005, est un \u00e9tablissement ouvert \u00e0 tous les bacheliers poss\u00e9dants des aptitudes artistiques. L\u2019Institut Sup\u00e9rieur des Arts et M\u00e9tiers de Mahdia (ISAMM), \u00e0 travers ses diverses sp\u00e9cialit\u00e9s, opte pour une formation scientifique, culturelle, artistique et technique \u00e0 caract\u00e8re artisanal et professionnel sp\u00e9cialis\u00e9, bas\u00e9 sur une technologie avanc\u00e9e capable d&rsquo;inciter l&rsquo;\u00e9tudiant \u00e0 la cr\u00e9ation, et de lui offrir les possibilit\u00e9s d&rsquo;acqu\u00e9rir les diff\u00e9rents savoirs. De ce fait, l\u2019ISAMM n&rsquo;a pas pour seul objectif l&rsquo;enseignement et l&rsquo;obtention des connaissances, mais il consid\u00e8re en plus l&rsquo;enseignement comme \u00e9tant une application de base d&rsquo;une d\u00e9marche de d\u00e9veloppement bien orient\u00e9e.<br \/>En effet en tant que futurs entrepreneurs, les \u00e9tudiants de l&rsquo;ISAMM sont form\u00e9s dans le but de saisir les opportunit\u00e9s d&rsquo;affaires et de se mettre, entre autres, \u00e0 leurs propres comptes. Dans l&rsquo;objectif d&rsquo;aider nos \u00e9tudiants \u00e0 exploiter ces opportunit\u00e9s offertes par un environnement propice \u00e0 la cr\u00e9ation des entreprises, un programme exhaustif est bien con\u00e7u \u00e0 leurs profits.<\/p>\t\t\t\t\t<\/div>\n\t\t\t\t\t\t<\/div>\n\t\t\t\t<\/div>\n\t\t\t\t<div class=\"elementor-element elementor-element-2af04ac0 aux-appear-watch-animation aux-fade-in-up-1 elementor-widget elementor-widget-aux_button\" data-id=\"2af04ac0\" data-element_type=\"widget\" data-widget_type=\"aux_button.default\">\n\t\t\t\t<div class=\"elementor-widget-container\">\n\t\t\t<a  href=\"http:\/\/www.isammh.rnu.tn\/\" target=\"_self\"   class=\"aux-button aux-medium aux-pastel-orange aux-curve aux-none aux-uppercase\" ><span class=\"aux-overlay\"><\/span><span class=\"aux-text\">VISITER LE SITE WEB<\/span><\/a>\t\t<\/div>\n\t\t\t\t<\/div>\n\t\t\t\t\t\t<\/div>\n\t\t\t\t\t<\/div>\n\t\t<\/div>\n\t\t\t\t\t\t\t\t<\/div>\n\t\t\t\t\t<\/div>\n\t\t<\/section>\n\t\t\t\t\t\t<\/div>\n\t\t\t\t\t\t<\/div>\n\t\t\t\t\t<\/div>\n\t\t","protected":false},"excerpt":{"rendered":"<p>STRUCTURES DE FORMATION Institut Sup\u00e9rieur des Beaux-Arts de Sousse (ISBAS) L\u2019ISBAS a pour mission la formation artistique, scientifique et technique de concepteurs-cr\u00e9ateurs aptes \u00e0 concevoir des r\u00e9alisations et des recherches dans plusieurs domaines des arts et du design. La priorit\u00e9 de l\u2019ISBAS est l\u2019adaptation des formations aux r\u00e9els besoins du march\u00e9 de l\u2019emploi ce qui [&hellip;]<\/p>\n","protected":false},"author":1,"featured_media":0,"parent":0,"menu_order":0,"comment_status":"closed","ping_status":"closed","template":"","meta":[],"_links":{"self":[{"href":"https:\/\/clustermoknine.creativetunisia.tn\/index.php\/wp-json\/wp\/v2\/pages\/645"}],"collection":[{"href":"https:\/\/clustermoknine.creativetunisia.tn\/index.php\/wp-json\/wp\/v2\/pages"}],"about":[{"href":"https:\/\/clustermoknine.creativetunisia.tn\/index.php\/wp-json\/wp\/v2\/types\/page"}],"author":[{"embeddable":true,"href":"https:\/\/clustermoknine.creativetunisia.tn\/index.php\/wp-json\/wp\/v2\/users\/1"}],"replies":[{"embeddable":true,"href":"https:\/\/clustermoknine.creativetunisia.tn\/index.php\/wp-json\/wp\/v2\/comments?post=645"}],"version-history":[{"count":13,"href":"https:\/\/clustermoknine.creativetunisia.tn\/index.php\/wp-json\/wp\/v2\/pages\/645\/revisions"}],"predecessor-version":[{"id":821,"href":"https:\/\/clustermoknine.creativetunisia.tn\/index.php\/wp-json\/wp\/v2\/pages\/645\/revisions\/821"}],"wp:attachment":[{"href":"https:\/\/clustermoknine.creativetunisia.tn\/index.php\/wp-json\/wp\/v2\/media?parent=645"}],"curies":[{"name":"wp","href":"https:\/\/api.w.org\/{rel}","templated":true}]}}