{"id":634,"date":"2021-10-28T12:58:17","date_gmt":"2021-10-28T10:58:17","guid":{"rendered":"http:\/\/clustermoknine.creativetunisia.tn\/?page_id=634"},"modified":"2022-02-25T09:35:45","modified_gmt":"2022-02-25T08:35:45","slug":"institutions-dappui","status":"publish","type":"page","link":"https:\/\/clustermoknine.creativetunisia.tn\/index.php\/institutions-dappui\/","title":{"rendered":"Institutions D\u2019appui"},"content":{"rendered":"\t\t<div data-elementor-type=\"wp-page\" data-elementor-id=\"634\" class=\"elementor elementor-634\" data-elementor-settings=\"[]\">\n\t\t\t\t\t\t<div class=\"elementor-inner\">\n\t\t\t\t\t\t\t<div class=\"elementor-section-wrap\">\n\t\t\t\t\t\t\t<section class=\"elementor-section elementor-top-section elementor-element elementor-element-25aa1139 elementor-section-boxed elementor-section-height-default elementor-section-height-default\" data-id=\"25aa1139\" data-element_type=\"section\">\n\t\t\t\t\t\t<div class=\"elementor-container elementor-column-gap-default\">\n\t\t\t\t\t\t\t<div class=\"elementor-row\">\n\t\t\t\t\t<div class=\"aux-parallax-section elementor-column elementor-col-100 elementor-top-column elementor-element elementor-element-441d59ee\" data-id=\"441d59ee\" data-element_type=\"column\">\n\t\t\t<div class=\"elementor-column-wrap elementor-element-populated\">\n\t\t\t\t\t\t\t<div class=\"elementor-widget-wrap\">\n\t\t\t\t\t\t<div class=\"elementor-element elementor-element-1a6e8591 aux-appear-watch-animation aux-fade-in-up-1 elementor-widget elementor-widget-aux_modern_heading\" data-id=\"1a6e8591\" data-element_type=\"widget\" data-widget_type=\"aux_modern_heading.default\">\n\t\t\t\t<div class=\"elementor-widget-container\">\n\t\t\t<section class=\"aux-widget-modern-heading\">\n            <div class=\"aux-widget-inner\"><h2 class=\"aux-modern-heading-primary\"><\/h2><h3 class=\"aux-modern-heading-secondary\"><span class=\"aux-head-before\">INSTITUTIONS D\u2019APPUI<\/span><\/h3><\/div>\n        <\/section>\t\t<\/div>\n\t\t\t\t<\/div>\n\t\t\t\t\t\t<\/div>\n\t\t\t\t\t<\/div>\n\t\t<\/div>\n\t\t\t\t\t\t\t\t<\/div>\n\t\t\t\t\t<\/div>\n\t\t<\/section>\n\t\t\t\t<section class=\"elementor-section elementor-top-section elementor-element elementor-element-14d7540 elementor-section-boxed elementor-section-height-default elementor-section-height-default\" data-id=\"14d7540\" data-element_type=\"section\">\n\t\t\t\t\t\t<div class=\"elementor-container elementor-column-gap-default\">\n\t\t\t\t\t\t\t<div class=\"elementor-row\">\n\t\t\t\t\t<div class=\"aux-parallax-section elementor-column elementor-col-50 elementor-top-column elementor-element elementor-element-c2d6d40\" data-id=\"c2d6d40\" data-element_type=\"column\" data-settings=\"{&quot;background_background&quot;:&quot;classic&quot;}\">\n\t\t\t<div class=\"elementor-column-wrap elementor-element-populated\">\n\t\t\t\t\t\t\t<div class=\"elementor-widget-wrap\">\n\t\t\t\t\t\t<div class=\"elementor-element elementor-element-9162468 elementor-widget elementor-widget-aux_image\" data-id=\"9162468\" data-element_type=\"widget\" data-widget_type=\"aux_image.default\">\n\t\t\t\t<div class=\"elementor-widget-container\">\n\t\t\t<section class=\"widget-container aux-widget-image aux-alignnone aux-parent-au59a06b25\" style=\"\" >\n    <div class=\"aux-media-hint-frame \">\n        <div class=\"aux-media-image \" >\n        \n            \n\n            \n            <img loading=\"lazy\" width=\"200\" height=\"200\" src=\"https:\/\/clustermoknine.creativetunisia.tn\/wp-content\/uploads\/2021\/10\/onat-office-national-de-l-artisanat.jpg\" class=\"aux-attachment aux-featured-image aux-attachment-id-615\" alt=\"onat-office-national-de-l-artisanat.jpg\" data-ratio=\"1\" data-original-w=\"200\" \/>            \n                <\/div>\n    <\/div>\n\n<\/section><!-- widget-container -->\t\t<\/div>\n\t\t\t\t<\/div>\n\t\t\t\t<div class=\"elementor-element elementor-element-79193c5 elementor-widget elementor-widget-aux_modern_heading\" data-id=\"79193c5\" data-element_type=\"widget\" data-widget_type=\"aux_modern_heading.default\">\n\t\t\t\t<div class=\"elementor-widget-container\">\n\t\t\t<section class=\"aux-widget-modern-heading\">\n            <div class=\"aux-widget-inner\"><h2 class=\"aux-modern-heading-primary\">Office National de l\u2019Artisanat<\/h2><div class=\"aux-modern-heading-divider\"><\/div><\/div>\n        <\/section>\t\t<\/div>\n\t\t\t\t<\/div>\n\t\t\t\t<div class=\"elementor-element elementor-element-149cbdf elementor-widget elementor-widget-text-editor\" data-id=\"149cbdf\" data-element_type=\"widget\" data-widget_type=\"text-editor.default\">\n\t\t\t\t<div class=\"elementor-widget-container\">\n\t\t\t\t\t\t\t\t<div class=\"elementor-text-editor elementor-clearfix\">\n\t\t\t\t<p>L\u2019Office National de l\u2019artisanat (ONA) est le principal partenaire du projet Creative Tunisia. L\u2019ONA a pour principales missions de mettre en oeuvre la strat\u00e9gie de l\u2019Etat en mati\u00e8re de sauvegarde et de d\u00e9veloppement du secteur de l\u2019artisanat tunisien.<\/p><p>Partenaire majeur du Cluster Pots de jardin \u00e0 Moknine, l\u2019Office National de l\u2019Artisanat et particuli\u00e8rement la d\u00e9l\u00e9gation r\u00e9gionale de l\u2019artisanat bas\u00e9e \u00e0 Monastir, ont \u00e9t\u00e9 \u00e0 l\u2019origine du montage du dossier de candidature \u00e0 l\u2019ONUDI, pour une demande d\u2019assistance technique pour le d\u00e9veloppement du cluster Pots de jardin \u00e0 Moknine. \u00c9tablissant un diagnostic complet du secteur de la poterie dans la r\u00e9gion ainsi qu\u2019une identification de tous les artisans op\u00e9rant dans le secteur, la d\u00e9l\u00e9gation r\u00e9gionale a mis en place, avec le projet Creative Tunisia, la strat\u00e9gie et le plan d\u2019action du Cluster et coordonn\u00e9 toutes les rencontres entre les divers intervenants, \u00e0 savoir les artisans, les structures d\u2019appui et les institutions publiques.<\/p>\t\t\t\t\t<\/div>\n\t\t\t\t\t\t<\/div>\n\t\t\t\t<\/div>\n\t\t\t\t<div class=\"elementor-element elementor-element-79324e2 aux-appear-watch-animation aux-fade-in-up-1 elementor-widget elementor-widget-aux_button\" data-id=\"79324e2\" data-element_type=\"widget\" data-widget_type=\"aux_button.default\">\n\t\t\t\t<div class=\"elementor-widget-container\">\n\t\t\t<a  href=\"http:\/\/www.artisanat.nat.tn\/fr\/home\/\" target=\"_self\"   class=\"aux-button aux-medium aux-pastel-orange aux-curve aux-none aux-uppercase\" ><span class=\"aux-overlay\"><\/span><span class=\"aux-text\">VISITER LE SITE WEB<\/span><\/a>\t\t<\/div>\n\t\t\t\t<\/div>\n\t\t\t\t\t\t<\/div>\n\t\t\t\t\t<\/div>\n\t\t<\/div>\n\t\t\t\t<div class=\"aux-parallax-section elementor-column elementor-col-50 elementor-top-column elementor-element elementor-element-13e480f\" data-id=\"13e480f\" data-element_type=\"column\" data-settings=\"{&quot;background_background&quot;:&quot;classic&quot;}\">\n\t\t\t<div class=\"elementor-column-wrap elementor-element-populated\">\n\t\t\t\t\t\t\t<div class=\"elementor-widget-wrap\">\n\t\t\t\t\t\t<div class=\"elementor-element elementor-element-a45e799 elementor-widget elementor-widget-aux_image\" data-id=\"a45e799\" data-element_type=\"widget\" data-widget_type=\"aux_image.default\">\n\t\t\t\t<div class=\"elementor-widget-container\">\n\t\t\t<section class=\"widget-container aux-widget-image aux-alignnone aux-parent-au46894b37\" style=\"\" >\n    <div class=\"aux-media-hint-frame \">\n        <div class=\"aux-media-image \" >\n        \n            \n\n            \n            <img loading=\"lazy\" width=\"205\" height=\"245\" src=\"https:\/\/clustermoknine.creativetunisia.tn\/wp-content\/uploads\/2021\/11\/Le-Centre-dAffaires-de-Monastir.png\" class=\"aux-attachment aux-featured-image aux-attachment-id-960\" alt=\"Le-Centre-d&#039;Affaires-de-Monastir\" data-ratio=\"0.84\" data-original-w=\"205\" \/>            \n                <\/div>\n    <\/div>\n\n<\/section><!-- widget-container -->\t\t<\/div>\n\t\t\t\t<\/div>\n\t\t\t\t<div class=\"elementor-element elementor-element-3ddb0f1 elementor-widget elementor-widget-aux_modern_heading\" data-id=\"3ddb0f1\" data-element_type=\"widget\" data-widget_type=\"aux_modern_heading.default\">\n\t\t\t\t<div class=\"elementor-widget-container\">\n\t\t\t<section class=\"aux-widget-modern-heading\">\n            <div class=\"aux-widget-inner\"><h2 class=\"aux-modern-heading-primary\">Le Centre d\u2019Affaires de Monastir<\/h2><div class=\"aux-modern-heading-divider\"><\/div><\/div>\n        <\/section>\t\t<\/div>\n\t\t\t\t<\/div>\n\t\t\t\t<div class=\"elementor-element elementor-element-1ed5650 elementor-widget elementor-widget-text-editor\" data-id=\"1ed5650\" data-element_type=\"widget\" data-widget_type=\"text-editor.default\">\n\t\t\t\t<div class=\"elementor-widget-container\">\n\t\t\t\t\t\t\t\t<div class=\"elementor-text-editor elementor-clearfix\">\n\t\t\t\t<p>Le centre d\u2019Affaires de Monastir est un organisme d\u2019appui \u00e0 la cr\u00e9ation d\u2019entreprises. Il fournit aux promoteurs, investisseurs et entrepreneurs, l\u2019encadrement, l\u2019accompagnement et le soutien n\u00e9cessaire dans toutes les \u00e9tapes de r\u00e9alisation de leurs projets. Il est un partenaire strat\u00e9gique du cluster Pots de jardin \u00e0 Moknine.<\/p>\t\t\t\t\t<\/div>\n\t\t\t\t\t\t<\/div>\n\t\t\t\t<\/div>\n\t\t\t\t<div class=\"elementor-element elementor-element-8633434 aux-appear-watch-animation aux-fade-in-up-1 elementor-widget elementor-widget-aux_button\" data-id=\"8633434\" data-element_type=\"widget\" data-widget_type=\"aux_button.default\">\n\t\t\t\t<div class=\"elementor-widget-container\">\n\t\t\t<a  href=\"#\" target=\"_self\"   class=\"aux-button aux-medium aux-pastel-orange aux-curve aux-none aux-uppercase\" ><span class=\"aux-overlay\"><\/span><span class=\"aux-text\">VISITER LE SITE WEB<\/span><\/a>\t\t<\/div>\n\t\t\t\t<\/div>\n\t\t\t\t\t\t<\/div>\n\t\t\t\t\t<\/div>\n\t\t<\/div>\n\t\t\t\t\t\t\t\t<\/div>\n\t\t\t\t\t<\/div>\n\t\t<\/section>\n\t\t\t\t<section class=\"elementor-section elementor-top-section elementor-element elementor-element-9664b48 elementor-section-boxed elementor-section-height-default elementor-section-height-default\" data-id=\"9664b48\" data-element_type=\"section\">\n\t\t\t\t\t\t<div class=\"elementor-container elementor-column-gap-default\">\n\t\t\t\t\t\t\t<div class=\"elementor-row\">\n\t\t\t\t\t<div class=\"aux-parallax-section elementor-column elementor-col-50 elementor-top-column elementor-element elementor-element-b71abba\" data-id=\"b71abba\" data-element_type=\"column\" data-settings=\"{&quot;background_background&quot;:&quot;classic&quot;}\">\n\t\t\t<div class=\"elementor-column-wrap elementor-element-populated\">\n\t\t\t\t\t\t\t<div class=\"elementor-widget-wrap\">\n\t\t\t\t\t\t<div class=\"elementor-element elementor-element-08730c5 elementor-widget elementor-widget-aux_image\" data-id=\"08730c5\" data-element_type=\"widget\" data-widget_type=\"aux_image.default\">\n\t\t\t\t<div class=\"elementor-widget-container\">\n\t\t\t<section class=\"widget-container aux-widget-image aux-alignnone aux-parent-aue8d6dde9\" style=\"\" >\n    <div class=\"aux-media-hint-frame \">\n        <div class=\"aux-media-image \" >\n        \n            \n\n            \n            <img loading=\"lazy\" width=\"300\" height=\"165\" src=\"https:\/\/clustermoknine.creativetunisia.tn\/wp-content\/uploads\/2022\/02\/cci-.jpg\" class=\"aux-attachment aux-featured-image aux-attachment-id-1708\" alt=\"cci-\" srcset=\"https:\/\/clustermoknine.creativetunisia.tn\/wp-content\/uploads\/2022\/02\/cci--150x150.jpg 150w,https:\/\/clustermoknine.creativetunisia.tn\/wp-content\/uploads\/2022\/02\/cci--300x165.jpg 300w,https:\/\/clustermoknine.creativetunisia.tn\/wp-content\/uploads\/2022\/02\/cci-.jpg 300w\" data-ratio=\"1\" data-original-w=\"334\" sizes=\"(max-width:479px) 480px,(max-width:767px) 768px,(max-width:1023px) 1024px,300px\" \/>            \n                <\/div>\n    <\/div>\n\n<\/section><!-- widget-container -->\t\t<\/div>\n\t\t\t\t<\/div>\n\t\t\t\t<div class=\"elementor-element elementor-element-91d94a5 elementor-widget elementor-widget-aux_modern_heading\" data-id=\"91d94a5\" data-element_type=\"widget\" data-widget_type=\"aux_modern_heading.default\">\n\t\t\t\t<div class=\"elementor-widget-container\">\n\t\t\t<section class=\"aux-widget-modern-heading\">\n            <div class=\"aux-widget-inner\"><h2 class=\"aux-modern-heading-primary\">Chambre de Commerce et d\u2019Industries du Centre <\/h2><div class=\"aux-modern-heading-divider\"><\/div><\/div>\n        <\/section>\t\t<\/div>\n\t\t\t\t<\/div>\n\t\t\t\t<div class=\"elementor-element elementor-element-7d146dc elementor-widget elementor-widget-text-editor\" data-id=\"7d146dc\" data-element_type=\"widget\" data-widget_type=\"text-editor.default\">\n\t\t\t\t<div class=\"elementor-widget-container\">\n\t\t\t\t\t\t\t\t<div class=\"elementor-text-editor elementor-clearfix\">\n\t\t\t\t<p style=\"font-weight: 400;\">La CCI Centre en sa qualit\u00e9 d\u2019interlocuteur privil\u00e9gi\u00e9 des pouvoirs publics, constitue une v\u00e9ritable interface entre les op\u00e9rateurs \u00e9conomiques et l\u2019Administration. Elle est ouverte \u00e0 tout op\u00e9rateur \u00e9conomique disposant d\u2019un registre de commerce en cours de validit\u00e9 qui s\u2019acquitte des droits de cotisation, en contrepartie, il b\u00e9n\u00e9ficie des actions et des prestations que la CCI m\u00e8ne envers et au profit de ses affili\u00e9s.<\/p><p style=\"font-weight: 400;\">En sa qualit\u00e9 d\u2019animateur \u00e9conomique au niveau de la Wilaya, l\u2019Institution a un r\u00f4le de service \u00e9conomique public de premier plan.<\/p>\t\t\t\t\t<\/div>\n\t\t\t\t\t\t<\/div>\n\t\t\t\t<\/div>\n\t\t\t\t<div class=\"elementor-element elementor-element-edc6a20 aux-appear-watch-animation aux-fade-in-up-1 elementor-widget elementor-widget-aux_button\" data-id=\"edc6a20\" data-element_type=\"widget\" data-widget_type=\"aux_button.default\">\n\t\t\t\t<div class=\"elementor-widget-container\">\n\t\t\t<a  href=\"https:\/\/www.ccicentre.org.tn\/\" target=\"_self\"   class=\"aux-button aux-medium aux-pastel-orange aux-curve aux-none aux-uppercase\" ><span class=\"aux-overlay\"><\/span><span class=\"aux-text\">VISITER LE SITE WEB<\/span><\/a>\t\t<\/div>\n\t\t\t\t<\/div>\n\t\t\t\t\t\t<\/div>\n\t\t\t\t\t<\/div>\n\t\t<\/div>\n\t\t\t\t<div class=\"aux-parallax-section elementor-column elementor-col-50 elementor-top-column elementor-element elementor-element-3b3f615\" data-id=\"3b3f615\" data-element_type=\"column\" data-settings=\"{&quot;background_background&quot;:&quot;classic&quot;}\">\n\t\t\t<div class=\"elementor-column-wrap elementor-element-populated\">\n\t\t\t\t\t\t\t<div class=\"elementor-widget-wrap\">\n\t\t\t\t\t\t<div class=\"elementor-element elementor-element-ba2158d elementor-widget elementor-widget-aux_image\" data-id=\"ba2158d\" data-element_type=\"widget\" data-widget_type=\"aux_image.default\">\n\t\t\t\t<div class=\"elementor-widget-container\">\n\t\t\t<section class=\"widget-container aux-widget-image aux-alignnone aux-parent-aub88730d1\" style=\"\" >\n    <div class=\"aux-media-hint-frame \">\n        <div class=\"aux-media-image \" >\n        \n            \n\n            \n            <img loading=\"lazy\" width=\"200\" height=\"165\" src=\"https:\/\/clustermoknine.creativetunisia.tn\/wp-content\/uploads\/2021\/11\/municipalite-moknine-2.png\" class=\"aux-attachment aux-featured-image aux-attachment-id-981\" alt=\"municipalite-moknine-2\" data-ratio=\"1.21\" data-original-w=\"200\" \/>            \n                <\/div>\n    <\/div>\n\n<\/section><!-- widget-container -->\t\t<\/div>\n\t\t\t\t<\/div>\n\t\t\t\t<div class=\"elementor-element elementor-element-78c5cff elementor-widget elementor-widget-aux_modern_heading\" data-id=\"78c5cff\" data-element_type=\"widget\" data-widget_type=\"aux_modern_heading.default\">\n\t\t\t\t<div class=\"elementor-widget-container\">\n\t\t\t<section class=\"aux-widget-modern-heading\">\n            <div class=\"aux-widget-inner\"><h2 class=\"aux-modern-heading-primary\">La municipalit\u00e9 de Moknine<\/h2><div class=\"aux-modern-heading-divider\"><\/div><\/div>\n        <\/section>\t\t<\/div>\n\t\t\t\t<\/div>\n\t\t\t\t<div class=\"elementor-element elementor-element-c665980 elementor-widget elementor-widget-text-editor\" data-id=\"c665980\" data-element_type=\"widget\" data-widget_type=\"text-editor.default\">\n\t\t\t\t<div class=\"elementor-widget-container\">\n\t\t\t\t\t\t\t\t<div class=\"elementor-text-editor elementor-clearfix\">\n\t\t\t\t<p>La municipalit\u00e9 de Moknine est un partenaire privil\u00e9gi\u00e9 du cluster Pots de jardin \u00e0 Moknine. Etablie depuis 1921, elle permet \u00e0 la ville de Moknine de mettre en place des strat\u00e9gies de d\u00e9veloppement local.<\/p>\t\t\t\t\t<\/div>\n\t\t\t\t\t\t<\/div>\n\t\t\t\t<\/div>\n\t\t\t\t<div class=\"elementor-element elementor-element-5f24c5c aux-appear-watch-animation aux-fade-in-up-1 elementor-widget elementor-widget-aux_button\" data-id=\"5f24c5c\" data-element_type=\"widget\" data-widget_type=\"aux_button.default\">\n\t\t\t\t<div class=\"elementor-widget-container\">\n\t\t\t<a  href=\"http:\/\/www.commune-moknine.gov.tn\/en\/\" target=\"_self\"   class=\"aux-button aux-medium aux-pastel-orange aux-curve aux-none aux-uppercase\" ><span class=\"aux-overlay\"><\/span><span class=\"aux-text\">VISITER LE SITE WEB<\/span><\/a>\t\t<\/div>\n\t\t\t\t<\/div>\n\t\t\t\t\t\t<\/div>\n\t\t\t\t\t<\/div>\n\t\t<\/div>\n\t\t\t\t\t\t\t\t<\/div>\n\t\t\t\t\t<\/div>\n\t\t<\/section>\n\t\t\t\t<section class=\"elementor-section elementor-top-section elementor-element elementor-element-10f8836 elementor-section-boxed elementor-section-height-default elementor-section-height-default\" data-id=\"10f8836\" data-element_type=\"section\">\n\t\t\t\t\t\t<div class=\"elementor-container elementor-column-gap-default\">\n\t\t\t\t\t\t\t<div class=\"elementor-row\">\n\t\t\t\t\t<div class=\"aux-parallax-section elementor-column elementor-col-50 elementor-top-column elementor-element elementor-element-c41453a\" data-id=\"c41453a\" data-element_type=\"column\" data-settings=\"{&quot;background_background&quot;:&quot;classic&quot;}\">\n\t\t\t<div class=\"elementor-column-wrap elementor-element-populated\">\n\t\t\t\t\t\t\t<div class=\"elementor-widget-wrap\">\n\t\t\t\t\t\t<div class=\"elementor-element elementor-element-41d5d32 elementor-widget elementor-widget-aux_image\" data-id=\"41d5d32\" data-element_type=\"widget\" data-widget_type=\"aux_image.default\">\n\t\t\t\t<div class=\"elementor-widget-container\">\n\t\t\t<section class=\"widget-container aux-widget-image aux-alignnone aux-parent-au618624b5\" style=\"\" >\n    <div class=\"aux-media-hint-frame \">\n        <div class=\"aux-media-image \" >\n        \n            \n\n            \n            <img loading=\"lazy\" width=\"200\" height=\"165\" src=\"https:\/\/clustermoknine.creativetunisia.tn\/wp-content\/uploads\/2021\/11\/espace-entreprendre-2.png\" class=\"aux-attachment aux-featured-image aux-attachment-id-982\" alt=\"espace-entreprendre-2\" data-ratio=\"1.21\" data-original-w=\"200\" \/>            \n                <\/div>\n    <\/div>\n\n<\/section><!-- widget-container -->\t\t<\/div>\n\t\t\t\t<\/div>\n\t\t\t\t<div class=\"elementor-element elementor-element-176f3d2 elementor-widget elementor-widget-aux_modern_heading\" data-id=\"176f3d2\" data-element_type=\"widget\" data-widget_type=\"aux_modern_heading.default\">\n\t\t\t\t<div class=\"elementor-widget-container\">\n\t\t\t<section class=\"aux-widget-modern-heading\">\n            <div class=\"aux-widget-inner\"><h2 class=\"aux-modern-heading-primary\">Espace Entreprendre<\/h2><div class=\"aux-modern-heading-divider\"><\/div><\/div>\n        <\/section>\t\t<\/div>\n\t\t\t\t<\/div>\n\t\t\t\t<div class=\"elementor-element elementor-element-a53b21e elementor-widget elementor-widget-text-editor\" data-id=\"a53b21e\" data-element_type=\"widget\" data-widget_type=\"text-editor.default\">\n\t\t\t\t<div class=\"elementor-widget-container\">\n\t\t\t\t\t\t\t\t<div class=\"elementor-text-editor elementor-clearfix\">\n\t\t\t\t<p>La cr\u00e9ation de l\u2019espace entreprendre, objet de la coop\u00e9ration Tuniso-Belge, s\u2019ins\u00e8re dans le cadre de l\u2019encouragement de l\u2019emploi ind\u00e9pendant et de la consolidation de l\u2019assistance des promoteurs au cours des diff\u00e9rentes phases de r\u00e9alisation de leurs projets en partant de l\u2019id\u00e9e de projet jusqu\u2019\u00e0 l\u2019\u00e9tape de l\u2019installation effective, tout en garantissant la p\u00e9rennisation des activit\u00e9s et des postes d\u2019emploi cr\u00e9\u00e9s. L\u2019Espace Entreprendre vise toute personne ayant une qualification ou une exp\u00e9rience professionnelle et d\u00e9sirant s\u2019installer \u00e0 son propre compte.<\/p>\t\t\t\t\t<\/div>\n\t\t\t\t\t\t<\/div>\n\t\t\t\t<\/div>\n\t\t\t\t<div class=\"elementor-element elementor-element-9d27ca5 aux-appear-watch-animation aux-fade-in-up-1 elementor-widget elementor-widget-aux_button\" data-id=\"9d27ca5\" data-element_type=\"widget\" data-widget_type=\"aux_button.default\">\n\t\t\t\t<div class=\"elementor-widget-container\">\n\t\t\t<a  href=\"https:\/\/www.emploi.nat.tn\/fo\/Fr\/global.php?menu1=10\" target=\"_self\"   class=\"aux-button aux-medium aux-pastel-orange aux-curve aux-none aux-uppercase\" ><span class=\"aux-overlay\"><\/span><span class=\"aux-text\">VISITER LE SITE WEB<\/span><\/a>\t\t<\/div>\n\t\t\t\t<\/div>\n\t\t\t\t\t\t<\/div>\n\t\t\t\t\t<\/div>\n\t\t<\/div>\n\t\t\t\t<div class=\"aux-parallax-section elementor-column elementor-col-50 elementor-top-column elementor-element elementor-element-d8e401c\" data-id=\"d8e401c\" data-element_type=\"column\" data-settings=\"{&quot;background_background&quot;:&quot;classic&quot;}\">\n\t\t\t<div class=\"elementor-column-wrap elementor-element-populated\">\n\t\t\t\t\t\t\t<div class=\"elementor-widget-wrap\">\n\t\t\t\t\t\t<div class=\"elementor-element elementor-element-01a2828 elementor-widget elementor-widget-aux_image\" data-id=\"01a2828\" data-element_type=\"widget\" data-widget_type=\"aux_image.default\">\n\t\t\t\t<div class=\"elementor-widget-container\">\n\t\t\t<section class=\"widget-container aux-widget-image aux-alignnone aux-parent-audecd771c\" style=\"\" >\n    <div class=\"aux-media-hint-frame \">\n        <div class=\"aux-media-image \" >\n        \n            \n\n            \n            <img loading=\"lazy\" width=\"200\" height=\"165\" src=\"https:\/\/clustermoknine.creativetunisia.tn\/wp-content\/uploads\/2021\/11\/reseau-entreprendre-2.png\" class=\"aux-attachment aux-featured-image aux-attachment-id-983\" alt=\"reseau-entreprendre-2\" data-ratio=\"1.21\" data-original-w=\"200\" \/>            \n                <\/div>\n    <\/div>\n\n<\/section><!-- widget-container -->\t\t<\/div>\n\t\t\t\t<\/div>\n\t\t\t\t<div class=\"elementor-element elementor-element-89ce58a elementor-widget elementor-widget-aux_modern_heading\" data-id=\"89ce58a\" data-element_type=\"widget\" data-widget_type=\"aux_modern_heading.default\">\n\t\t\t\t<div class=\"elementor-widget-container\">\n\t\t\t<section class=\"aux-widget-modern-heading\">\n            <div class=\"aux-widget-inner\"><h2 class=\"aux-modern-heading-primary\">R\u00e9seau Entreprendre<\/h2><div class=\"aux-modern-heading-divider\"><\/div><\/div>\n        <\/section>\t\t<\/div>\n\t\t\t\t<\/div>\n\t\t\t\t<div class=\"elementor-element elementor-element-e4fe46d elementor-widget elementor-widget-text-editor\" data-id=\"e4fe46d\" data-element_type=\"widget\" data-widget_type=\"text-editor.default\">\n\t\t\t\t<div class=\"elementor-widget-container\">\n\t\t\t\t\t\t\t\t<div class=\"elementor-text-editor elementor-clearfix\">\n\t\t\t\t<p>R\u00e9seau Entreprendre est une association de chefs d\u2019entreprise fond\u00e9e en France 30 ans auparavant par Andr\u00e9 Mulliez, sous la devise : \u00ab Pour cr\u00e9er des emplois, cr\u00e9ons des employeurs \u00bb. Elle a su d\u00e9velopper une pr\u00e9sence internationale dans 10 pays \u00e0 noter : Belgique, Chili, Espagne, France, Italie, Maroc, Portugal, S\u00e9n\u00e9gal, Suisse et Tunisie.<\/p><p>C\u2019est en 2010 que l\u2019association R\u00e9seau Entreprendre Tunisie est n\u00e9e sous la houlette de M. Ahmed Abdelkefi, elle est aujourd\u2019hui pr\u00e9sid\u00e9e par M. Hichem Turki et dirig\u00e9e par Mme Emel Tounsi. Sa principale mission \u00e9tant la contribution \u00e0 la r\u00e9ussite de nouveaux entrepreneurs significativement cr\u00e9ateurs d\u2019emplois et de richesses.<\/p>\t\t\t\t\t<\/div>\n\t\t\t\t\t\t<\/div>\n\t\t\t\t<\/div>\n\t\t\t\t<div class=\"elementor-element elementor-element-983279e aux-appear-watch-animation aux-fade-in-up-1 elementor-widget elementor-widget-aux_button\" data-id=\"983279e\" data-element_type=\"widget\" data-widget_type=\"aux_button.default\">\n\t\t\t\t<div class=\"elementor-widget-container\">\n\t\t\t<a  href=\"https:\/\/www.reseau-entreprendre.org\/tunisie\/\" target=\"_self\"   class=\"aux-button aux-medium aux-pastel-orange aux-curve aux-none aux-uppercase\" ><span class=\"aux-overlay\"><\/span><span class=\"aux-text\">VISITER LE SITE WEB<\/span><\/a>\t\t<\/div>\n\t\t\t\t<\/div>\n\t\t\t\t\t\t<\/div>\n\t\t\t\t\t<\/div>\n\t\t<\/div>\n\t\t\t\t\t\t\t\t<\/div>\n\t\t\t\t\t<\/div>\n\t\t<\/section>\n\t\t\t\t\t\t<\/div>\n\t\t\t\t\t\t<\/div>\n\t\t\t\t\t<\/div>\n\t\t","protected":false},"excerpt":{"rendered":"<p>INSTITUTIONS D\u2019APPUI Office National de l\u2019Artisanat L\u2019Office National de l\u2019artisanat (ONA) est le principal partenaire du projet Creative Tunisia. L\u2019ONA a pour principales missions de mettre en oeuvre la strat\u00e9gie de l\u2019Etat en mati\u00e8re de sauvegarde et de d\u00e9veloppement du secteur de l\u2019artisanat tunisien. Partenaire majeur du Cluster Pots de jardin \u00e0 Moknine, l\u2019Office National [&hellip;]<\/p>\n","protected":false},"author":1,"featured_media":0,"parent":0,"menu_order":0,"comment_status":"closed","ping_status":"closed","template":"","meta":[],"_links":{"self":[{"href":"https:\/\/clustermoknine.creativetunisia.tn\/index.php\/wp-json\/wp\/v2\/pages\/634"}],"collection":[{"href":"https:\/\/clustermoknine.creativetunisia.tn\/index.php\/wp-json\/wp\/v2\/pages"}],"about":[{"href":"https:\/\/clustermoknine.creativetunisia.tn\/index.php\/wp-json\/wp\/v2\/types\/page"}],"author":[{"embeddable":true,"href":"https:\/\/clustermoknine.creativetunisia.tn\/index.php\/wp-json\/wp\/v2\/users\/1"}],"replies":[{"embeddable":true,"href":"https:\/\/clustermoknine.creativetunisia.tn\/index.php\/wp-json\/wp\/v2\/comments?post=634"}],"version-history":[{"count":40,"href":"https:\/\/clustermoknine.creativetunisia.tn\/index.php\/wp-json\/wp\/v2\/pages\/634\/revisions"}],"predecessor-version":[{"id":1711,"href":"https:\/\/clustermoknine.creativetunisia.tn\/index.php\/wp-json\/wp\/v2\/pages\/634\/revisions\/1711"}],"wp:attachment":[{"href":"https:\/\/clustermoknine.creativetunisia.tn\/index.php\/wp-json\/wp\/v2\/media?parent=634"}],"curies":[{"name":"wp","href":"https:\/\/api.w.org\/{rel}","templated":true}]}}