{"id":594,"date":"2021-10-28T12:36:40","date_gmt":"2021-10-28T10:36:40","guid":{"rendered":"http:\/\/clustermoknine.creativetunisia.tn\/?page_id=594"},"modified":"2021-10-28T12:45:12","modified_gmt":"2021-10-28T10:45:12","slug":"ons-ammar","status":"publish","type":"page","link":"https:\/\/clustermoknine.creativetunisia.tn\/index.php\/ons-ammar\/","title":{"rendered":"Ons Ammar"},"content":{"rendered":"\t\t<div data-elementor-type=\"wp-page\" data-elementor-id=\"594\" class=\"elementor elementor-594\" data-elementor-settings=\"[]\">\n\t\t\t\t\t\t<div class=\"elementor-inner\">\n\t\t\t\t\t\t\t<div class=\"elementor-section-wrap\">\n\t\t\t\t\t\t\t<section class=\"elementor-section elementor-top-section elementor-element elementor-element-16fe3780 elementor-section-content-middle elementor-section-boxed elementor-section-height-default elementor-section-height-default\" data-id=\"16fe3780\" data-element_type=\"section\">\n\t\t\t\t\t\t<div class=\"elementor-container elementor-column-gap-default\">\n\t\t\t\t\t\t\t<div class=\"elementor-row\">\n\t\t\t\t\t<div class=\"aux-parallax-section elementor-column elementor-col-50 elementor-top-column elementor-element elementor-element-70999a83\" data-id=\"70999a83\" data-element_type=\"column\">\n\t\t\t<div class=\"elementor-column-wrap elementor-element-populated\">\n\t\t\t\t\t\t\t<div class=\"elementor-widget-wrap\">\n\t\t\t\t\t\t<div class=\"elementor-element elementor-element-56c9a0f7 aux-appear-watch-animation aux-fade-in elementor-widget elementor-widget-aux_image\" data-id=\"56c9a0f7\" data-element_type=\"widget\" data-widget_type=\"aux_image.default\">\n\t\t\t\t<div class=\"elementor-widget-container\">\n\t\t\t<section class=\"widget-container aux-widget-image aux-alignnone aux-parent-au3d7ea097\" style=\"\" >\n    <div class=\"aux-media-hint-frame \">\n        <div class=\"aux-media-image  aux-tilt-box\" >\n        \n            \n\n            \n            <img loading=\"lazy\" width=\"480\" height=\"742\" src=\"https:\/\/clustermoknine.creativetunisia.tn\/wp-content\/uploads\/2021\/10\/ONES-AMMAR-portrait.jpg\" class=\"aux-attachment aux-featured-image aux-attachment-id-596\" alt=\"ONES-AMMAR-portrait\" srcset=\"https:\/\/clustermoknine.creativetunisia.tn\/wp-content\/uploads\/2021\/10\/ONES-AMMAR-portrait-150x232.jpg 150w,https:\/\/clustermoknine.creativetunisia.tn\/wp-content\/uploads\/2021\/10\/ONES-AMMAR-portrait-300x464.jpg 300w,https:\/\/clustermoknine.creativetunisia.tn\/wp-content\/uploads\/2021\/10\/ONES-AMMAR-portrait.jpg 480w\" data-ratio=\"0.65\" data-original-w=\"480\" sizes=\"(max-width:479px) 480px,(max-width:767px) 768px,(max-width:1023px) 1024px,480px\" \/>            \n                <\/div>\n    <\/div>\n\n<\/section><!-- widget-container -->\t\t<\/div>\n\t\t\t\t<\/div>\n\t\t\t\t\t\t<\/div>\n\t\t\t\t\t<\/div>\n\t\t<\/div>\n\t\t\t\t<div class=\"aux-parallax-section elementor-column elementor-col-50 elementor-top-column elementor-element elementor-element-4c865e85\" data-id=\"4c865e85\" data-element_type=\"column\">\n\t\t\t<div class=\"elementor-column-wrap elementor-element-populated\">\n\t\t\t\t\t\t\t<div class=\"elementor-widget-wrap\">\n\t\t\t\t\t\t<div class=\"elementor-element elementor-element-143c666e aux-appear-watch-animation aux-fade-in elementor-widget elementor-widget-aux_modern_heading\" data-id=\"143c666e\" data-element_type=\"widget\" data-widget_type=\"aux_modern_heading.default\">\n\t\t\t\t<div class=\"elementor-widget-container\">\n\t\t\t<section class=\"aux-widget-modern-heading\">\n            <div class=\"aux-widget-inner\"><h2 class=\"aux-modern-heading-primary\">Ons Ammar<\/h2><h3 class=\"aux-modern-heading-secondary\"><span class=\"aux-head-before\">Designer<\/span><\/h3><\/div>\n        <\/section>\t\t<\/div>\n\t\t\t\t<\/div>\n\t\t\t\t<div class=\"elementor-element elementor-element-b2391c3 elementor-icon-list--layout-inline elementor-align-left aux-appear-watch-animation aux-fade-in elementor-list-item-link-full_width elementor-widget elementor-widget-icon-list\" data-id=\"b2391c3\" data-element_type=\"widget\" data-widget_type=\"icon-list.default\">\n\t\t\t\t<div class=\"elementor-widget-container\">\n\t\t\t\t\t<ul class=\"elementor-icon-list-items elementor-inline-items\">\n\t\t\t\t\t\t\t<li class=\"elementor-icon-list-item elementor-inline-item\">\n\t\t\t\t\t\t\t\t\t\t\t<span class=\"elementor-icon-list-icon\">\n\t\t\t\t\t\t\t<i aria-hidden=\"true\" class=\"auxicon auxicon-ios-telephone\"><\/i>\t\t\t\t\t\t<\/span>\n\t\t\t\t\t\t\t\t\t\t<span class=\"elementor-icon-list-text\">+216 97 270 778<\/span>\n\t\t\t\t\t\t\t\t\t<\/li>\n\t\t\t\t\t\t\t\t<li class=\"elementor-icon-list-item elementor-inline-item\">\n\t\t\t\t\t\t\t\t\t\t\t<span class=\"elementor-icon-list-icon\">\n\t\t\t\t\t\t\t<i aria-hidden=\"true\" class=\"fas fa-envelope\"><\/i>\t\t\t\t\t\t<\/span>\n\t\t\t\t\t\t\t\t\t\t<span class=\"elementor-icon-list-text\">onsammar.onat@gmail.com<\/span>\n\t\t\t\t\t\t\t\t\t<\/li>\n\t\t\t\t\t\t<\/ul>\n\t\t\t\t<\/div>\n\t\t\t\t<\/div>\n\t\t\t\t<div class=\"elementor-element elementor-element-b9bfcc7 aux-appear-watch-animation aux-fade-in elementor-widget elementor-widget-aux_modern_heading\" data-id=\"b9bfcc7\" data-element_type=\"widget\" data-widget_type=\"aux_modern_heading.default\">\n\t\t\t\t<div class=\"elementor-widget-container\">\n\t\t\t<section class=\"aux-widget-modern-heading\">\n            <div class=\"aux-widget-inner\"><h2 class=\"aux-modern-heading-primary\"><\/h2><div class=\"aux-modern-heading-description\"><p>PhD designer titulaire d\u2019un doctorat en Sciences et Techniques des arts de l\u2019Institut Sup\u00e9rieur des Beaux-Arts de Tunis en 2020 , cr\u00e9ative et t\u00e9m\u00e9raire. Je me suis dirig\u00e9e naturellement vers le domaine artistique en joignant l\u2019\u00e9quipe des designer de l\u2019Office National de l\u2019Artisanat depuis Ao\u00fbt 2012. J\u2019ai d\u00e9but\u00e9 dans l\u2019organisation et l\u2019am\u00e9nagement des expositions et manifestations organis\u00e9es par l\u2019Office National de l\u2019artisanat mais ce que j\u2019aimais le plus \u00e9tait d\u2019\u00eatre sur le terrain et \u00eatre en contact directe avec les artisans. Apr\u00e8s plusieurs ann\u00e9es d\u2019apprentissage, je saute le pas, en associant ma passion pour le travail manuel et mon int\u00e9r\u00eat pour l\u2019artisanat, en cr\u00e9ant cette collection nomm\u00e9e Ornis&amp; Ph\u014ds.<\/p><p><strong>Collection Ornis et Ph\u00f4s<\/strong><br \/>Dessin\u00e9e par Ons Ammar<br \/>Mangeoires oiseaux \u00e0 suspendre d\u00e9clin\u00e9es en photophore et luminaires d\u2019o\u00f9 la nomination Ornis &amp; Ph\u014ds (Oiseaux et Lumi\u00e8res), le terrasse ou balcon deviendra le centre d\u2019un petit \u00e9cosyst\u00e8me o\u00f9 les oiseaux s\u2019inviteront pour le plus grand plaisir de tous !<br \/>En Argile et de diff\u00e9rentes formes, elles se suspendent aux branches, aux grilles, aux rambardes et m\u00eame aux goutti\u00e8res gr\u00e2ce \u00e0 un syst\u00e8me d\u2019accrochage simple et amovible.<br \/>Cette collection compos\u00e9e de plusieurs \u00e9l\u00e9ments (mangeoires, photophores, suspensions, tabouret et table d\u2019appoint\u2026) est r\u00e9fl\u00e9chie pour composer une ambiance qui apporte, l\u00e0 o\u00f9 elle est plac\u00e9e, une note d\u00e9corative pleine de gaiet\u00e9.<\/p><\/div><\/div>\n        <\/section>\t\t<\/div>\n\t\t\t\t<\/div>\n\t\t\t\t\t\t<\/div>\n\t\t\t\t\t<\/div>\n\t\t<\/div>\n\t\t\t\t\t\t\t\t<\/div>\n\t\t\t\t\t<\/div>\n\t\t<\/section>\n\t\t\t\t\t\t<\/div>\n\t\t\t\t\t\t<\/div>\n\t\t\t\t\t<\/div>\n\t\t","protected":false},"excerpt":{"rendered":"<p>Ons Ammar Designer +216 97 270 778 onsammar.onat@gmail.com PhD designer titulaire d\u2019un doctorat en Sciences et Techniques des arts de l\u2019Institut Sup\u00e9rieur des Beaux-Arts de Tunis en 2020 , cr\u00e9ative et t\u00e9m\u00e9raire. Je me suis dirig\u00e9e naturellement vers le domaine artistique en joignant l\u2019\u00e9quipe des designer de l\u2019Office National de l\u2019Artisanat depuis Ao\u00fbt 2012. J\u2019ai [&hellip;]<\/p>\n","protected":false},"author":1,"featured_media":0,"parent":0,"menu_order":0,"comment_status":"closed","ping_status":"closed","template":"","meta":[],"_links":{"self":[{"href":"https:\/\/clustermoknine.creativetunisia.tn\/index.php\/wp-json\/wp\/v2\/pages\/594"}],"collection":[{"href":"https:\/\/clustermoknine.creativetunisia.tn\/index.php\/wp-json\/wp\/v2\/pages"}],"about":[{"href":"https:\/\/clustermoknine.creativetunisia.tn\/index.php\/wp-json\/wp\/v2\/types\/page"}],"author":[{"embeddable":true,"href":"https:\/\/clustermoknine.creativetunisia.tn\/index.php\/wp-json\/wp\/v2\/users\/1"}],"replies":[{"embeddable":true,"href":"https:\/\/clustermoknine.creativetunisia.tn\/index.php\/wp-json\/wp\/v2\/comments?post=594"}],"version-history":[{"count":4,"href":"https:\/\/clustermoknine.creativetunisia.tn\/index.php\/wp-json\/wp\/v2\/pages\/594\/revisions"}],"predecessor-version":[{"id":599,"href":"https:\/\/clustermoknine.creativetunisia.tn\/index.php\/wp-json\/wp\/v2\/pages\/594\/revisions\/599"}],"wp:attachment":[{"href":"https:\/\/clustermoknine.creativetunisia.tn\/index.php\/wp-json\/wp\/v2\/media?parent=594"}],"curies":[{"name":"wp","href":"https:\/\/api.w.org\/{rel}","templated":true}]}}