{"id":535,"date":"2021-10-28T11:36:45","date_gmt":"2021-10-28T09:36:45","guid":{"rendered":"http:\/\/clustermoknine.creativetunisia.tn\/?page_id=535"},"modified":"2021-12-15T11:38:05","modified_gmt":"2021-12-15T10:38:05","slug":"designers","status":"publish","type":"page","link":"https:\/\/clustermoknine.creativetunisia.tn\/index.php\/designers\/","title":{"rendered":"Designers"},"content":{"rendered":"\t\t<div data-elementor-type=\"wp-page\" data-elementor-id=\"535\" class=\"elementor elementor-535\" data-elementor-settings=\"[]\">\n\t\t\t\t\t\t<div class=\"elementor-inner\">\n\t\t\t\t\t\t\t<div class=\"elementor-section-wrap\">\n\t\t\t\t\t\t\t<section class=\"elementor-section elementor-top-section elementor-element elementor-element-25aa1139 elementor-section-boxed elementor-section-height-default elementor-section-height-default\" data-id=\"25aa1139\" data-element_type=\"section\">\n\t\t\t\t\t\t<div class=\"elementor-container elementor-column-gap-default\">\n\t\t\t\t\t\t\t<div class=\"elementor-row\">\n\t\t\t\t\t<div class=\"aux-parallax-section elementor-column elementor-col-100 elementor-top-column elementor-element elementor-element-441d59ee\" data-id=\"441d59ee\" data-element_type=\"column\">\n\t\t\t<div class=\"elementor-column-wrap elementor-element-populated\">\n\t\t\t\t\t\t\t<div class=\"elementor-widget-wrap\">\n\t\t\t\t\t\t<div class=\"elementor-element elementor-element-1a6e8591 aux-appear-watch-animation aux-fade-in-up-1 elementor-widget elementor-widget-aux_modern_heading\" data-id=\"1a6e8591\" data-element_type=\"widget\" data-widget_type=\"aux_modern_heading.default\">\n\t\t\t\t<div class=\"elementor-widget-container\">\n\t\t\t<section class=\"aux-widget-modern-heading\">\n            <div class=\"aux-widget-inner\"><h2 class=\"aux-modern-heading-primary\"><\/h2><h3 class=\"aux-modern-heading-secondary\"><span class=\"aux-head-before\">NOS DESIGNERS<\/span><\/h3><\/div>\n        <\/section>\t\t<\/div>\n\t\t\t\t<\/div>\n\t\t\t\t\t\t<\/div>\n\t\t\t\t\t<\/div>\n\t\t<\/div>\n\t\t\t\t\t\t\t\t<\/div>\n\t\t\t\t\t<\/div>\n\t\t<\/section>\n\t\t\t\t<section class=\"elementor-section elementor-inner-section elementor-element elementor-element-378a949c elementor-section-boxed elementor-section-height-default elementor-section-height-default\" data-id=\"378a949c\" data-element_type=\"section\">\n\t\t\t\t\t\t<div class=\"elementor-container elementor-column-gap-default\">\n\t\t\t\t\t\t\t<div class=\"elementor-row\">\n\t\t\t\t\t<div class=\"aux-parallax-section elementor-column elementor-col-50 elementor-inner-column elementor-element elementor-element-5ca434c4\" data-id=\"5ca434c4\" data-element_type=\"column\">\n\t\t\t<div class=\"elementor-column-wrap elementor-element-populated\">\n\t\t\t\t\t\t\t<div class=\"elementor-widget-wrap\">\n\t\t\t\t\t\t<div class=\"elementor-element elementor-element-640d2094 aux-appear-watch-animation aux-fade-in-right-1 elementor-widget elementor-widget-aux_staff\" data-id=\"640d2094\" data-element_type=\"widget\" data-widget_type=\"aux_staff.default\">\n\t\t\t\t<div class=\"elementor-widget-container\">\n\t\t\t<section class=\"aux-wrap-style-simple widget-container aux-widget-staff aux-parent-au08e8b952\" style=\"\" >    <div class=\"aux-staff-container aux-staff-pos-left aux-staff-text-center aux-staff-text-dark \" >\n            <div class=\"aux-staff-header aux-staff-img-rect\">\n            <div class=\"aux-media-image\"><img loading=\"lazy\" width=\"260\" height=\"296\" src=\"data:image\/gif;base64,R0lGODlhAQABAIAAAAAAAP\/\/\/yH5BAEAAAAALAAAAAABAAEAAAIBRAA7\" class=\" aux-preload aux-blank\" alt=\"Soumaya-ElBahri\" data-ratio=\"0.88\" data-original-w=\"382\" sizes=\"auto\" data-srcset=\"https:\/\/clustermoknine.creativetunisia.tn\/wp-content\/uploads\/2021\/10\/Soumaya-ElBahri-150x171.jpg 150w,https:\/\/clustermoknine.creativetunisia.tn\/wp-content\/uploads\/2021\/10\/Soumaya-ElBahri-300x342.jpg 300w,https:\/\/clustermoknine.creativetunisia.tn\/wp-content\/uploads\/2021\/10\/Soumaya-ElBahri.jpg 260w\" data-src=\"https:\/\/clustermoknine.creativetunisia.tn\/wp-content\/uploads\/2021\/10\/Soumaya-ElBahri.jpg\" \/><\/div>        <\/div>\n            <div class=\"aux-staff-content\">\n                        <h4 class=\"col-title\"><a href=\"http:\/\/clustermoknine.creativetunisia.tn\/index.php\/soumaya-el-bahri\/\">\n            Soumaya El Bahri<\/a>\n            <\/h4>\n                        <h5 class=\"col-subtitle\">DESIGNER<\/h5>\n                        <div class=\"entry-content\">\n                                Directrice artistique avec une exp\u00e9rience dans l\u2019industrie du luxe, de la beaut\u00e9 et de la joaillerie. Cr\u00e9er ...            <\/div>\n                    <\/div>\n\n    <\/div>\n\n\n<\/section><!-- widget-container -->\t\t<\/div>\n\t\t\t\t<\/div>\n\t\t\t\t<div class=\"elementor-element elementor-element-2b28ed18 aux-appear-watch-animation aux-fade-in-right-1 elementor-widget elementor-widget-aux_staff\" data-id=\"2b28ed18\" data-element_type=\"widget\" data-widget_type=\"aux_staff.default\">\n\t\t\t\t<div class=\"elementor-widget-container\">\n\t\t\t<section class=\"aux-wrap-style-simple widget-container aux-widget-staff aux-parent-au4663c567\" style=\"\" >    <div class=\"aux-staff-container aux-staff-pos-left aux-staff-text-center aux-staff-text-dark \" >\n            <div class=\"aux-staff-header aux-staff-img-rect\">\n            <div class=\"aux-media-image\"><img loading=\"lazy\" width=\"260\" height=\"296\" src=\"data:image\/gif;base64,R0lGODlhAQABAIAAAAAAAP\/\/\/yH5BAEAAAAALAAAAAABAAEAAAIBRAA7\" class=\" aux-preload aux-blank\" alt=\"Nesserine-Ourtani\" data-ratio=\"0.88\" data-original-w=\"382\" sizes=\"auto\" data-srcset=\"https:\/\/clustermoknine.creativetunisia.tn\/wp-content\/uploads\/2021\/10\/Nesserine-Ourtani-150x171.jpg 150w,https:\/\/clustermoknine.creativetunisia.tn\/wp-content\/uploads\/2021\/10\/Nesserine-Ourtani-300x342.jpg 300w,https:\/\/clustermoknine.creativetunisia.tn\/wp-content\/uploads\/2021\/10\/Nesserine-Ourtani.jpg 260w\" data-src=\"https:\/\/clustermoknine.creativetunisia.tn\/wp-content\/uploads\/2021\/10\/Nesserine-Ourtani.jpg\" \/><\/div>        <\/div>\n            <div class=\"aux-staff-content\">\n                        <h4 class=\"col-title\"><a href=\"http:\/\/clustermoknine.creativetunisia.tn\/index.php\/nesrine-ouertani\/\">\n            Nesrine Ouertani<\/a>\n            <\/h4>\n                        <h5 class=\"col-subtitle\">DESIGNER<\/h5>\n                        <div class=\"entry-content\">\n                                Architecte DPLG form\u00e9e \u00e0 l\u2019\u00e9cole nationale de l\u2019architecture de l\u2019urbanisme de Tunis, elle a fond\u00e9 en ...            <\/div>\n                    <\/div>\n\n    <\/div>\n\n\n<\/section><!-- widget-container -->\t\t<\/div>\n\t\t\t\t<\/div>\n\t\t\t\t\t\t<\/div>\n\t\t\t\t\t<\/div>\n\t\t<\/div>\n\t\t\t\t<div class=\"aux-parallax-section elementor-column elementor-col-50 elementor-inner-column elementor-element elementor-element-1b1b9960\" data-id=\"1b1b9960\" data-element_type=\"column\">\n\t\t\t<div class=\"elementor-column-wrap elementor-element-populated\">\n\t\t\t\t\t\t\t<div class=\"elementor-widget-wrap\">\n\t\t\t\t\t\t<div class=\"elementor-element elementor-element-33696abb aux-appear-watch-animation aux-fade-in-right-1 elementor-widget elementor-widget-aux_staff\" data-id=\"33696abb\" data-element_type=\"widget\" data-widget_type=\"aux_staff.default\">\n\t\t\t\t<div class=\"elementor-widget-container\">\n\t\t\t<section class=\"aux-wrap-style-simple widget-container aux-widget-staff aux-parent-au348bfaf9\" style=\"\" >    <div class=\"aux-staff-container aux-staff-pos-left aux-staff-text-center aux-staff-text-dark \" >\n            <div class=\"aux-staff-header aux-staff-img-rect\">\n            <div class=\"aux-media-image\"><img loading=\"lazy\" width=\"260\" height=\"296\" src=\"data:image\/gif;base64,R0lGODlhAQABAIAAAAAAAP\/\/\/yH5BAEAAAAALAAAAAABAAEAAAIBRAA7\" class=\" aux-preload aux-blank\" alt=\"Abir-Hajjem\" data-ratio=\"0.88\" data-original-w=\"382\" sizes=\"auto\" data-srcset=\"https:\/\/clustermoknine.creativetunisia.tn\/wp-content\/uploads\/2021\/10\/Abir-Hajjem-150x171.jpg 150w,https:\/\/clustermoknine.creativetunisia.tn\/wp-content\/uploads\/2021\/10\/Abir-Hajjem-300x342.jpg 300w,https:\/\/clustermoknine.creativetunisia.tn\/wp-content\/uploads\/2021\/10\/Abir-Hajjem.jpg 260w\" data-src=\"https:\/\/clustermoknine.creativetunisia.tn\/wp-content\/uploads\/2021\/10\/Abir-Hajjem.jpg\" \/><\/div>        <\/div>\n            <div class=\"aux-staff-content\">\n                        <h4 class=\"col-title\"><a href=\"http:\/\/clustermoknine.creativetunisia.tn\/index.php\/abir-hajjem\/\">\n            Abir Hajjem<\/a>\n            <\/h4>\n                        <h5 class=\"col-subtitle\">DESIGNER<\/h5>\n                        <div class=\"entry-content\">\n                                Designer depuis 2002, en image et communication, \u00e9galement impliqu\u00e9e dans des projets en design packaging ...            <\/div>\n                    <\/div>\n\n    <\/div>\n\n\n<\/section><!-- widget-container -->\t\t<\/div>\n\t\t\t\t<\/div>\n\t\t\t\t<div class=\"elementor-element elementor-element-2cc0bb2c aux-appear-watch-animation aux-fade-in-right-1 elementor-widget elementor-widget-aux_staff\" data-id=\"2cc0bb2c\" data-element_type=\"widget\" data-widget_type=\"aux_staff.default\">\n\t\t\t\t<div class=\"elementor-widget-container\">\n\t\t\t<section class=\"aux-wrap-style-simple widget-container aux-widget-staff aux-parent-au67cee2d1\" style=\"\" >    <div class=\"aux-staff-container aux-staff-pos-left aux-staff-text-center aux-staff-text-dark \" >\n            <div class=\"aux-staff-header aux-staff-img-rect\">\n            <div class=\"aux-media-image\"><img loading=\"lazy\" width=\"260\" height=\"296\" src=\"data:image\/gif;base64,R0lGODlhAQABAIAAAAAAAP\/\/\/yH5BAEAAAAALAAAAAABAAEAAAIBRAA7\" class=\" aux-preload aux-blank\" alt=\"Azza-DSOULI\" data-ratio=\"0.88\" data-original-w=\"382\" sizes=\"auto\" data-srcset=\"https:\/\/clustermoknine.creativetunisia.tn\/wp-content\/uploads\/2021\/10\/Azza-DSOULI-150x171.jpg 150w,https:\/\/clustermoknine.creativetunisia.tn\/wp-content\/uploads\/2021\/10\/Azza-DSOULI-300x342.jpg 300w,https:\/\/clustermoknine.creativetunisia.tn\/wp-content\/uploads\/2021\/10\/Azza-DSOULI.jpg 260w\" data-src=\"https:\/\/clustermoknine.creativetunisia.tn\/wp-content\/uploads\/2021\/10\/Azza-DSOULI.jpg\" \/><\/div>        <\/div>\n            <div class=\"aux-staff-content\">\n                        <h4 class=\"col-title\"><a href=\"http:\/\/clustermoknine.creativetunisia.tn\/index.php\/azza-dsouli\/\">\n            Azza Dsouli<\/a>\n            <\/h4>\n                        <h5 class=\"col-subtitle\">DESIGNER<\/h5>\n                        <div class=\"entry-content\">\n                                Designer Produit, dipl\u00f4m\u00e9e de l\u2019Ecole nationale des sciences et technologies du design de Tunis. Sp\u00e9cialis\u00e9e dans le ...            <\/div>\n                    <\/div>\n\n    <\/div>\n\n\n<\/section><!-- widget-container -->\t\t<\/div>\n\t\t\t\t<\/div>\n\t\t\t\t\t\t<\/div>\n\t\t\t\t\t<\/div>\n\t\t<\/div>\n\t\t\t\t\t\t\t\t<\/div>\n\t\t\t\t\t<\/div>\n\t\t<\/section>\n\t\t\t\t<section class=\"elementor-section elementor-inner-section elementor-element elementor-element-a42bb3c elementor-section-boxed elementor-section-height-default elementor-section-height-default\" data-id=\"a42bb3c\" data-element_type=\"section\">\n\t\t\t\t\t\t<div class=\"elementor-container elementor-column-gap-default\">\n\t\t\t\t\t\t\t<div class=\"elementor-row\">\n\t\t\t\t\t<div class=\"aux-parallax-section elementor-column elementor-col-50 elementor-inner-column elementor-element elementor-element-d3ab463\" data-id=\"d3ab463\" data-element_type=\"column\">\n\t\t\t<div class=\"elementor-column-wrap elementor-element-populated\">\n\t\t\t\t\t\t\t<div class=\"elementor-widget-wrap\">\n\t\t\t\t\t\t<div class=\"elementor-element elementor-element-1ccf26d aux-appear-watch-animation aux-fade-in-right-1 elementor-widget elementor-widget-aux_staff\" data-id=\"1ccf26d\" data-element_type=\"widget\" data-widget_type=\"aux_staff.default\">\n\t\t\t\t<div class=\"elementor-widget-container\">\n\t\t\t<section class=\"aux-wrap-style-simple widget-container aux-widget-staff aux-parent-aub09dd34d\" style=\"\" >    <div class=\"aux-staff-container aux-staff-pos-left aux-staff-text-center aux-staff-text-dark \" >\n            <div class=\"aux-staff-header aux-staff-img-rect\">\n            <div class=\"aux-media-image\"><img loading=\"lazy\" width=\"260\" height=\"296\" src=\"data:image\/gif;base64,R0lGODlhAQABAIAAAAAAAP\/\/\/yH5BAEAAAAALAAAAAABAAEAAAIBRAA7\" class=\" aux-preload aux-blank\" alt=\"ONS-AMMAR\" data-ratio=\"0.88\" data-original-w=\"382\" sizes=\"auto\" data-srcset=\"https:\/\/clustermoknine.creativetunisia.tn\/wp-content\/uploads\/2021\/10\/ONS-AMMAR-150x171.jpg 150w,https:\/\/clustermoknine.creativetunisia.tn\/wp-content\/uploads\/2021\/10\/ONS-AMMAR-300x342.jpg 300w,https:\/\/clustermoknine.creativetunisia.tn\/wp-content\/uploads\/2021\/10\/ONS-AMMAR.jpg 260w\" data-src=\"https:\/\/clustermoknine.creativetunisia.tn\/wp-content\/uploads\/2021\/10\/ONS-AMMAR.jpg\" \/><\/div>        <\/div>\n            <div class=\"aux-staff-content\">\n                        <h4 class=\"col-title\"><a href=\"http:\/\/clustermoknine.creativetunisia.tn\/index.php\/ons-ammar\/\">\n            Ons Ammar<\/a>\n            <\/h4>\n                        <h5 class=\"col-subtitle\">DESIGNER<\/h5>\n                        <div class=\"entry-content\">\n                                PhD designer titulaire d\u2019un doctorat en Sciences et Techniques des arts de l\u2019Institut Sup\u00e9rieur des Beaux-Arts de ...            <\/div>\n                        <div class=\"aux-staff-footer aux-medium aux-horizontal\">\n                    <ul class=\"aux-social-list\">\n\n                                            <li>\n                            <a class=\"facebook\" href=\"#\" target=\"_blank\"><span class=\"auxicon-facebook\"><\/span>\n                            <\/a>\n                        <\/li>\n                                                                                    <li>\n                            <a class=\"twitter\" href=\"#\" target=\"_blank\"><span class=\"auxicon-twitter\"><\/span>\n                            <\/a>\n                        <\/li>\n                                                                                                                            <li>\n                            <a class=\"pinterest\" href=\"#\" target=\"_blank\"><span class=\"auxicon-pinterest\"><\/span>\n                            <\/a>\n                        <\/li>\n                                                                                   <li>\n                            <a class=\"instagram\" href=\"#\" target=\"_blank\"><span class=\"auxicon-instagram\"><\/span>\n                            <\/a>\n                        <\/li>\n                                                          <\/ul>\n           <\/div>\n                    <\/div>\n\n    <\/div>\n\n\n<\/section><!-- widget-container -->\t\t<\/div>\n\t\t\t\t<\/div>\n\t\t\t\t\t\t<\/div>\n\t\t\t\t\t<\/div>\n\t\t<\/div>\n\t\t\t\t<div class=\"aux-parallax-section elementor-column elementor-col-50 elementor-inner-column elementor-element elementor-element-802ad04\" data-id=\"802ad04\" data-element_type=\"column\">\n\t\t\t<div class=\"elementor-column-wrap\">\n\t\t\t\t\t\t\t<div class=\"elementor-widget-wrap\">\n\t\t\t\t\t\t\t\t<\/div>\n\t\t\t\t\t<\/div>\n\t\t<\/div>\n\t\t\t\t\t\t\t\t<\/div>\n\t\t\t\t\t<\/div>\n\t\t<\/section>\n\t\t\t\t\t\t<\/div>\n\t\t\t\t\t\t<\/div>\n\t\t\t\t\t<\/div>\n\t\t","protected":false},"excerpt":{"rendered":"<p>NOS DESIGNERS Soumaya El Bahri DESIGNER Directrice artistique avec une exp\u00e9rience dans l\u2019industrie du luxe, de la beaut\u00e9 et de la joaillerie. Cr\u00e9er &#8230; Nesrine Ouertani DESIGNER Architecte DPLG form\u00e9e \u00e0 l\u2019\u00e9cole nationale de l\u2019architecture de l\u2019urbanisme de Tunis, elle a fond\u00e9 en &#8230; Abir Hajjem DESIGNER Designer depuis 2002, en image et communication, \u00e9galement [&hellip;]<\/p>\n","protected":false},"author":1,"featured_media":0,"parent":0,"menu_order":0,"comment_status":"closed","ping_status":"closed","template":"","meta":[],"_links":{"self":[{"href":"https:\/\/clustermoknine.creativetunisia.tn\/index.php\/wp-json\/wp\/v2\/pages\/535"}],"collection":[{"href":"https:\/\/clustermoknine.creativetunisia.tn\/index.php\/wp-json\/wp\/v2\/pages"}],"about":[{"href":"https:\/\/clustermoknine.creativetunisia.tn\/index.php\/wp-json\/wp\/v2\/types\/page"}],"author":[{"embeddable":true,"href":"https:\/\/clustermoknine.creativetunisia.tn\/index.php\/wp-json\/wp\/v2\/users\/1"}],"replies":[{"embeddable":true,"href":"https:\/\/clustermoknine.creativetunisia.tn\/index.php\/wp-json\/wp\/v2\/comments?post=535"}],"version-history":[{"count":28,"href":"https:\/\/clustermoknine.creativetunisia.tn\/index.php\/wp-json\/wp\/v2\/pages\/535\/revisions"}],"predecessor-version":[{"id":1658,"href":"https:\/\/clustermoknine.creativetunisia.tn\/index.php\/wp-json\/wp\/v2\/pages\/535\/revisions\/1658"}],"wp:attachment":[{"href":"https:\/\/clustermoknine.creativetunisia.tn\/index.php\/wp-json\/wp\/v2\/media?parent=535"}],"curies":[{"name":"wp","href":"https:\/\/api.w.org\/{rel}","templated":true}]}}