{"id":486,"date":"2021-10-27T15:58:16","date_gmt":"2021-10-27T13:58:16","guid":{"rendered":"https:\/\/clustermoknine.creativetunisia.tn\/?page_id=486"},"modified":"2021-10-27T16:09:31","modified_gmt":"2021-10-27T14:09:31","slug":"societe-carthage-artisanat","status":"publish","type":"page","link":"https:\/\/clustermoknine.creativetunisia.tn\/index.php\/societe-carthage-artisanat\/","title":{"rendered":"Soci\u00e9t\u00e9 Carthage Artisanat"},"content":{"rendered":"\t\t<div data-elementor-type=\"wp-page\" data-elementor-id=\"486\" class=\"elementor elementor-486\" data-elementor-settings=\"[]\">\n\t\t\t\t\t\t<div class=\"elementor-inner\">\n\t\t\t\t\t\t\t<div class=\"elementor-section-wrap\">\n\t\t\t\t\t\t\t<section class=\"elementor-section elementor-top-section elementor-element elementor-element-3f43a4e3 elementor-section-content-middle elementor-section-boxed elementor-section-height-default elementor-section-height-default\" data-id=\"3f43a4e3\" data-element_type=\"section\">\n\t\t\t\t\t\t<div class=\"elementor-container elementor-column-gap-default\">\n\t\t\t\t\t\t\t<div class=\"elementor-row\">\n\t\t\t\t\t<div class=\"aux-parallax-section elementor-column elementor-col-50 elementor-top-column elementor-element elementor-element-113bce3f\" data-id=\"113bce3f\" data-element_type=\"column\">\n\t\t\t<div class=\"elementor-column-wrap elementor-element-populated\">\n\t\t\t\t\t\t\t<div class=\"elementor-widget-wrap\">\n\t\t\t\t\t\t<div class=\"elementor-element elementor-element-2558cfbf aux-appear-watch-animation aux-fade-in elementor-widget elementor-widget-aux_image\" data-id=\"2558cfbf\" data-element_type=\"widget\" data-widget_type=\"aux_image.default\">\n\t\t\t\t<div class=\"elementor-widget-container\">\n\t\t\t<section class=\"widget-container aux-widget-image aux-alignnone aux-parent-au1e942092\" style=\"\" >\n    <div class=\"aux-media-hint-frame \">\n        <div class=\"aux-media-image  aux-tilt-box\" >\n        \n            \n\n            \n            <img loading=\"lazy\" width=\"400\" height=\"529\" src=\"https:\/\/clustermoknine.creativetunisia.tn\/wp-content\/uploads\/2021\/10\/Mohamed-Ridha-Amamou.jpg\" class=\"aux-attachment aux-featured-image aux-attachment-id-488\" alt=\"Mohamed-Ridha-Amamou\" srcset=\"https:\/\/clustermoknine.creativetunisia.tn\/wp-content\/uploads\/2021\/10\/Mohamed-Ridha-Amamou-150x232.jpg 150w,https:\/\/clustermoknine.creativetunisia.tn\/wp-content\/uploads\/2021\/10\/Mohamed-Ridha-Amamou-300x464.jpg 300w,https:\/\/clustermoknine.creativetunisia.tn\/wp-content\/uploads\/2021\/10\/Mohamed-Ridha-Amamou.jpg 400w\" data-ratio=\"0.65\" data-original-w=\"400\" sizes=\"(max-width:479px) 480px,(max-width:767px) 768px,(max-width:1023px) 1024px,400px\" \/>            \n                <\/div>\n    <\/div>\n\n<\/section><!-- widget-container -->\t\t<\/div>\n\t\t\t\t<\/div>\n\t\t\t\t<div class=\"elementor-element elementor-element-6d32863d aux-appear-watch-animation aux-fade-in elementor-widget elementor-widget-aux_modern_heading\" data-id=\"6d32863d\" data-element_type=\"widget\" data-widget_type=\"aux_modern_heading.default\">\n\t\t\t\t<div class=\"elementor-widget-container\">\n\t\t\t<section class=\"aux-widget-modern-heading\">\n            <div class=\"aux-widget-inner\"><h2 class=\"aux-modern-heading-primary\">Mohamed Ridha Amamou<\/h2><\/div>\n        <\/section>\t\t<\/div>\n\t\t\t\t<\/div>\n\t\t\t\t\t\t<\/div>\n\t\t\t\t\t<\/div>\n\t\t<\/div>\n\t\t\t\t<div class=\"aux-parallax-section elementor-column elementor-col-50 elementor-top-column elementor-element elementor-element-2ce294e8\" data-id=\"2ce294e8\" data-element_type=\"column\">\n\t\t\t<div class=\"elementor-column-wrap elementor-element-populated\">\n\t\t\t\t\t\t\t<div class=\"elementor-widget-wrap\">\n\t\t\t\t\t\t<div class=\"elementor-element elementor-element-291c2202 aux-appear-watch-animation aux-fade-in elementor-widget elementor-widget-aux_modern_heading\" data-id=\"291c2202\" data-element_type=\"widget\" data-widget_type=\"aux_modern_heading.default\">\n\t\t\t\t<div class=\"elementor-widget-container\">\n\t\t\t<section class=\"aux-widget-modern-heading\">\n            <div class=\"aux-widget-inner\"><h2 class=\"aux-modern-heading-primary\">Amamou Ceramics <\/h2><h3 class=\"aux-modern-heading-secondary\"><span class=\"aux-head-before\">Poterie<\/span><\/h3><\/div>\n        <\/section>\t\t<\/div>\n\t\t\t\t<\/div>\n\t\t\t\t<div class=\"elementor-element elementor-element-29dc990e elementor-icon-list--layout-inline elementor-align-left aux-appear-watch-animation aux-fade-in elementor-list-item-link-full_width elementor-widget elementor-widget-icon-list\" data-id=\"29dc990e\" data-element_type=\"widget\" data-widget_type=\"icon-list.default\">\n\t\t\t\t<div class=\"elementor-widget-container\">\n\t\t\t\t\t<ul class=\"elementor-icon-list-items elementor-inline-items\">\n\t\t\t\t\t\t\t<li class=\"elementor-icon-list-item elementor-inline-item\">\n\t\t\t\t\t\t\t\t\t\t\t<span class=\"elementor-icon-list-icon\">\n\t\t\t\t\t\t\t<i aria-hidden=\"true\" class=\"auxicon auxicon-ios-telephone\"><\/i>\t\t\t\t\t\t<\/span>\n\t\t\t\t\t\t\t\t\t\t<span class=\"elementor-icon-list-text\">+216 71 304 049<\/span>\n\t\t\t\t\t\t\t\t\t<\/li>\n\t\t\t\t\t\t\t\t<li class=\"elementor-icon-list-item elementor-inline-item\">\n\t\t\t\t\t\t\t\t\t\t\t<span class=\"elementor-icon-list-icon\">\n\t\t\t\t\t\t\t<i aria-hidden=\"true\" class=\"fas fa-envelope\"><\/i>\t\t\t\t\t\t<\/span>\n\t\t\t\t\t\t\t\t\t\t<span class=\"elementor-icon-list-text\">contact@amamouceramics.com<\/span>\n\t\t\t\t\t\t\t\t\t<\/li>\n\t\t\t\t\t\t\t\t<li class=\"elementor-icon-list-item elementor-inline-item\">\n\t\t\t\t\t\t\t\t\t\t\t<span class=\"elementor-icon-list-icon\">\n\t\t\t\t\t\t\t<i aria-hidden=\"true\" class=\"fas fa-globe\"><\/i>\t\t\t\t\t\t<\/span>\n\t\t\t\t\t\t\t\t\t\t<span class=\"elementor-icon-list-text\">www.amamouceramics.com<\/span>\n\t\t\t\t\t\t\t\t\t<\/li>\n\t\t\t\t\t\t<\/ul>\n\t\t\t\t<\/div>\n\t\t\t\t<\/div>\n\t\t\t\t<div class=\"elementor-element elementor-element-c7bdab3 elementor-icon-list--layout-inline elementor-align-left aux-appear-watch-animation aux-fade-in elementor-list-item-link-full_width elementor-widget elementor-widget-icon-list\" data-id=\"c7bdab3\" data-element_type=\"widget\" data-widget_type=\"icon-list.default\">\n\t\t\t\t<div class=\"elementor-widget-container\">\n\t\t\t\t\t<ul class=\"elementor-icon-list-items elementor-inline-items\">\n\t\t\t\t\t\t\t<li class=\"elementor-icon-list-item elementor-inline-item\">\n\t\t\t\t\t\t\t\t\t\t\t<span class=\"elementor-icon-list-icon\">\n\t\t\t\t\t\t\t<i aria-hidden=\"true\" class=\"fas fa-map-marker-alt\"><\/i>\t\t\t\t\t\t<\/span>\n\t\t\t\t\t\t\t\t\t\t<span class=\"elementor-icon-list-text\">Rue de Tunis Moknine 5050, Monastir, Tunisie<\/span>\n\t\t\t\t\t\t\t\t\t<\/li>\n\t\t\t\t\t\t<\/ul>\n\t\t\t\t<\/div>\n\t\t\t\t<\/div>\n\t\t\t\t<div class=\"elementor-element elementor-element-10b8f23b aux-appear-watch-animation aux-fade-in elementor-widget elementor-widget-aux_modern_heading\" data-id=\"10b8f23b\" data-element_type=\"widget\" data-widget_type=\"aux_modern_heading.default\">\n\t\t\t\t<div class=\"elementor-widget-container\">\n\t\t\t<section class=\"aux-widget-modern-heading\">\n            <div class=\"aux-widget-inner\"><h2 class=\"aux-modern-heading-primary\">A propos<\/h2><div class=\"aux-modern-heading-description\"><p>Soci\u00e9t\u00e9 d\u2019artisanat et de d\u00e9coration, Amamou Ceramics fait partie des meilleurs fabricants d\u2019articles en c\u00e9ramique artisanale en Tunisie. <br \/>\u00ab Notre entreprise est une r\u00e9f\u00e9rence dans le d\u00e9veloppement et l\u2019int\u00e9gration de la c\u00e9ramique faite \u00e0 la main dans le mode de vie du consommateur. A travers son d\u00e9veloppement et ses cr\u00e9ations originales notre entreprise collabore depuis 2006 avec les meilleures enseignes de distribution en Tunisie. La soci\u00e9t\u00e9 a introduit des ustensiles de cuisson, des articles de vaisselles de tables, des articles de jardinage et des articles de d\u00e9coration int\u00e9rieure dans les circuits de la grande distribution et de la consommation en Tunisie. Notre entreprise a favoris\u00e9 et a assur\u00e9 jusqu\u2019\u00e0 maintenant \u00e0 chaque consommateur une garantie en qualit\u00e9 nutritionnelle des produits expos\u00e9 \u00e0 leurs comptes et au sein de toute les enseignes de distribution. \u00bb<\/p><\/div><\/div>\n        <\/section>\t\t<\/div>\n\t\t\t\t<\/div>\n\t\t\t\t\t\t<\/div>\n\t\t\t\t\t<\/div>\n\t\t<\/div>\n\t\t\t\t\t\t\t\t<\/div>\n\t\t\t\t\t<\/div>\n\t\t<\/section>\n\t\t\t\t\t\t<\/div>\n\t\t\t\t\t\t<\/div>\n\t\t\t\t\t<\/div>\n\t\t","protected":false},"excerpt":{"rendered":"<p>Mohamed Ridha Amamou Amamou Ceramics Poterie +216 71 304 049 contact@amamouceramics.com www.amamouceramics.com Rue de Tunis Moknine 5050, Monastir, Tunisie A propos Soci\u00e9t\u00e9 d\u2019artisanat et de d\u00e9coration, Amamou Ceramics fait partie des meilleurs fabricants d\u2019articles en c\u00e9ramique artisanale en Tunisie. \u00ab Notre entreprise est une r\u00e9f\u00e9rence dans le d\u00e9veloppement et l\u2019int\u00e9gration de la c\u00e9ramique faite \u00e0 [&hellip;]<\/p>\n","protected":false},"author":1,"featured_media":0,"parent":0,"menu_order":0,"comment_status":"closed","ping_status":"closed","template":"","meta":[],"_links":{"self":[{"href":"https:\/\/clustermoknine.creativetunisia.tn\/index.php\/wp-json\/wp\/v2\/pages\/486"}],"collection":[{"href":"https:\/\/clustermoknine.creativetunisia.tn\/index.php\/wp-json\/wp\/v2\/pages"}],"about":[{"href":"https:\/\/clustermoknine.creativetunisia.tn\/index.php\/wp-json\/wp\/v2\/types\/page"}],"author":[{"embeddable":true,"href":"https:\/\/clustermoknine.creativetunisia.tn\/index.php\/wp-json\/wp\/v2\/users\/1"}],"replies":[{"embeddable":true,"href":"https:\/\/clustermoknine.creativetunisia.tn\/index.php\/wp-json\/wp\/v2\/comments?post=486"}],"version-history":[{"count":13,"href":"https:\/\/clustermoknine.creativetunisia.tn\/index.php\/wp-json\/wp\/v2\/pages\/486\/revisions"}],"predecessor-version":[{"id":501,"href":"https:\/\/clustermoknine.creativetunisia.tn\/index.php\/wp-json\/wp\/v2\/pages\/486\/revisions\/501"}],"wp:attachment":[{"href":"https:\/\/clustermoknine.creativetunisia.tn\/index.php\/wp-json\/wp\/v2\/media?parent=486"}],"curies":[{"name":"wp","href":"https:\/\/api.w.org\/{rel}","templated":true}]}}